{"id":658,"date":"2022-04-25T18:12:53","date_gmt":"2022-04-25T16:12:53","guid":{"rendered":"https:\/\/mototech-swarzedz.pl\/?page_id=658"},"modified":"2022-04-28T19:12:48","modified_gmt":"2022-04-28T17:12:48","slug":"geometria-kol-3d","status":"publish","type":"page","link":"https:\/\/mototech-swarzedz.pl\/index.php\/geometria-kol-3d\/","title":{"rendered":"Geometria K\u00f3\u0142 3D"},"content":{"rendered":"\t\t<div data-elementor-type=\"wp-page\" data-elementor-id=\"658\" class=\"elementor elementor-658\">\n\t\t\t\t\t\t<section class=\"elementor-section elementor-top-section elementor-element elementor-element-a0b4788 elementor-section-full_width elementor-section-stretched elementor-section-height-default elementor-section-height-default\" data-id=\"a0b4788\" data-element_type=\"section\" data-settings=\"{&quot;stretch_section&quot;:&quot;section-stretched&quot;,&quot;background_background&quot;:&quot;slideshow&quot;,&quot;background_slideshow_gallery&quot;:[{&quot;id&quot;:642,&quot;url&quot;:&quot;http:\\\/\\\/mototech-swarzedz.pl\\\/wp-content\\\/uploads\\\/2022\\\/04\\\/mototech_ss2.jpg&quot;},{&quot;id&quot;:641,&quot;url&quot;:&quot;http:\\\/\\\/mototech-swarzedz.pl\\\/wp-content\\\/uploads\\\/2022\\\/04\\\/mototech_ss3.jpg&quot;},{&quot;id&quot;:640,&quot;url&quot;:&quot;http:\\\/\\\/mototech-swarzedz.pl\\\/wp-content\\\/uploads\\\/2022\\\/04\\\/mototech_ss4.jpg&quot;}],&quot;background_slideshow_lazyload&quot;:&quot;yes&quot;,&quot;background_slideshow_loop&quot;:&quot;yes&quot;,&quot;background_slideshow_slide_duration&quot;:5000,&quot;background_slideshow_slide_transition&quot;:&quot;fade&quot;,&quot;background_slideshow_transition_duration&quot;:500}\">\n\t\t\t\t\t\t\t<div class=\"elementor-background-overlay\"><\/div>\n\t\t\t\t\t\t\t<div class=\"elementor-container elementor-column-gap-default\">\n\t\t\t\t\t<div class=\"elementor-column elementor-col-100 elementor-top-column elementor-element elementor-element-62206c7\" data-id=\"62206c7\" data-element_type=\"column\">\n\t\t\t<div class=\"elementor-widget-wrap elementor-element-populated\">\n\t\t\t\t\t\t<section class=\"elementor-section elementor-inner-section elementor-element elementor-element-1cc9e3b elementor-section-boxed elementor-section-height-default elementor-section-height-default\" data-id=\"1cc9e3b\" data-element_type=\"section\">\n\t\t\t\t\t\t<div class=\"elementor-container elementor-column-gap-default\">\n\t\t\t\t\t<div class=\"elementor-column elementor-col-50 elementor-inner-column elementor-element elementor-element-bcbbd58\" data-id=\"bcbbd58\" data-element_type=\"column\">\n\t\t\t<div class=\"elementor-widget-wrap elementor-element-populated\">\n\t\t\t\t\t\t<div class=\"elementor-element elementor-element-c9a8ece elementor-widget elementor-widget-heading\" data-id=\"c9a8ece\" data-element_type=\"widget\" data-widget_type=\"heading.default\">\n\t\t\t\t<div class=\"elementor-widget-container\">\n\t\t\t<h2 class=\"elementor-heading-title elementor-size-default\">Okresowe badania techniczne pojazd\u00f3w do 3,5t\n\n<\/h2>\t\t<\/div>\n\t\t\t\t<\/div>\n\t\t\t\t<div class=\"elementor-element elementor-element-8df100e elementor-widget elementor-widget-text-editor\" data-id=\"8df100e\" data-element_type=\"widget\" data-widget_type=\"text-editor.default\">\n\t\t\t\t<div class=\"elementor-widget-container\">\n\t\t\t\t\t\t\t<p>Nasza stacja kontroli pojazd\u00f3w oferuje us\u0142ug\u0119 corocznych, okresowych bada\u0144 technicznych pojazd\u00f3w do 3,5t, a wi\u0119c:<\/p><p><strong>Pojazd\u00f3w o dopuszczalnej masie ca\u0142kowitej nieprzekraczaj\u0105cej 3,5t, osobowych jak i dostawczych:<\/strong><\/p><ul><li>Motocykli i motorower\u00f3w,<\/li><li>Przyczep,<\/li><li>Ci\u0105gnik\u00f3w rolniczych,<\/li><\/ul><p><strong>Koszt badania technicznego, mo\u017ce r\u00f3\u017cni\u0107 si\u0119 w zale\u017cno\u015bci od rodzaju badanego pojazdu i jest cen\u0105 urz\u0119dow\u0105:<\/strong><\/p><ul><li>Pojazdy samochodowe \u2013 98 z\u0142 (pojazd zasilany gazem +63z\u0142)<\/li><li>Pojazd sprowadzony, badanie po raz 1 w kraju \u2013 98 z\u0142<\/li><li>Motocykl \u2013 62 z\u0142<\/li><li>Motorower \u2013 50z\u0142<\/li><li>Przyczepa \u2013 78z\u0142<\/li><\/ul><p><strong>Do kwoty ka\u017cdego badania technicznego, doliczana jest op\u0142ata ewidencyjna w wysoko\u015bci 1z\u0142.<\/strong><\/p><p><strong>Podczas badania technicznego pojazdu, zach\u0119camy do podania swojego numeru kontaktowego w celu corocznego przypominania o zbli\u017caj\u0105cym si\u0119 terminie badania.<\/strong><\/p>\t\t\t\t\t\t<\/div>\n\t\t\t\t<\/div>\n\t\t\t\t\t<\/div>\n\t\t<\/div>\n\t\t\t\t<div class=\"elementor-column elementor-col-50 elementor-inner-column elementor-element elementor-element-baf9a43\" data-id=\"baf9a43\" data-element_type=\"column\">\n\t\t\t<div class=\"elementor-widget-wrap elementor-element-populated\">\n\t\t\t\t\t\t<div class=\"elementor-element elementor-element-fc0c04a elementor-widget elementor-widget-image\" data-id=\"fc0c04a\" data-element_type=\"widget\" data-widget_type=\"image.default\">\n\t\t\t\t<div class=\"elementor-widget-container\">\n\t\t\t\t\t\t\t\t\t\t\t\t\t<img fetchpriority=\"high\" decoding=\"async\" width=\"600\" height=\"600\" src=\"https:\/\/mototech-swarzedz.pl\/wp-content\/uploads\/2022\/04\/mototech_ss3-600x600.jpg\" class=\"attachment-ocean-thumb-m size-ocean-thumb-m wp-image-841\" alt=\"Geometria pojazdowa\" srcset=\"https:\/\/mototech-swarzedz.pl\/wp-content\/uploads\/2022\/04\/mototech_ss3-600x600.jpg 600w, https:\/\/mototech-swarzedz.pl\/wp-content\/uploads\/2022\/04\/mototech_ss3-150x150.jpg 150w\" sizes=\"(max-width: 600px) 100vw, 600px\" \/>\t\t\t\t\t\t\t\t\t\t\t\t\t<\/div>\n\t\t\t\t<\/div>\n\t\t\t\t\t<\/div>\n\t\t<\/div>\n\t\t\t\t\t<\/div>\n\t\t<\/section>\n\t\t\t\t\t<\/div>\n\t\t<\/div>\n\t\t\t\t\t<\/div>\n\t\t<\/section>\n\t\t\t\t<\/div>\n\t\t","protected":false},"excerpt":{"rendered":"<p>Okresowe badania techniczne pojazd\u00f3w do 3,5t Nasza stacja kontroli pojazd\u00f3w oferuje us\u0142ug\u0119 corocznych, okresowych bada\u0144 technicznych pojazd\u00f3w do 3,5t, a wi\u0119c: Pojazd\u00f3w o dopuszczalnej masie ca\u0142kowitej nieprzekraczaj\u0105cej 3,5t, osobowych jak i dostawczych: Motocykli i motorower\u00f3w, Przyczep, Ci\u0105gnik\u00f3w rolniczych, Koszt badania technicznego, mo\u017ce r\u00f3\u017cni\u0107 si\u0119 w zale\u017cno\u015bci od rodzaju badanego pojazdu i jest cen\u0105 urz\u0119dow\u0105: Pojazdy [&hellip;]<\/p>\n","protected":false},"author":1,"featured_media":0,"parent":0,"menu_order":0,"comment_status":"closed","ping_status":"closed","template":"","meta":{"ocean_post_layout":"","ocean_both_sidebars_style":"","ocean_both_sidebars_content_width":0,"ocean_both_sidebars_sidebars_width":0,"ocean_sidebar":"","ocean_second_sidebar":"","ocean_disable_margins":"enable","ocean_add_body_class":"","ocean_shortcode_before_top_bar":"","ocean_shortcode_after_top_bar":"","ocean_shortcode_before_header":"","ocean_shortcode_after_header":"","ocean_has_shortcode":"","ocean_shortcode_after_title":"","ocean_shortcode_before_footer_widgets":"","ocean_shortcode_after_footer_widgets":"","ocean_shortcode_before_footer_bottom":"","ocean_shortcode_after_footer_bottom":"","ocean_display_top_bar":"default","ocean_display_header":"default","ocean_header_style":"","ocean_center_header_left_menu":"","ocean_custom_header_template":"","ocean_custom_logo":0,"ocean_custom_retina_logo":0,"ocean_custom_logo_max_width":0,"ocean_custom_logo_tablet_max_width":0,"ocean_custom_logo_mobile_max_width":0,"ocean_custom_logo_max_height":0,"ocean_custom_logo_tablet_max_height":0,"ocean_custom_logo_mobile_max_height":0,"ocean_header_custom_menu":"","ocean_menu_typo_font_family":"","ocean_menu_typo_font_subset":"","ocean_menu_typo_font_size":0,"ocean_menu_typo_font_size_tablet":0,"ocean_menu_typo_font_size_mobile":0,"ocean_menu_typo_font_size_unit":"px","ocean_menu_typo_font_weight":"","ocean_menu_typo_font_weight_tablet":"","ocean_menu_typo_font_weight_mobile":"","ocean_menu_typo_transform":"","ocean_menu_typo_transform_tablet":"","ocean_menu_typo_transform_mobile":"","ocean_menu_typo_line_height":0,"ocean_menu_typo_line_height_tablet":0,"ocean_menu_typo_line_height_mobile":0,"ocean_menu_typo_line_height_unit":"","ocean_menu_typo_spacing":0,"ocean_menu_typo_spacing_tablet":0,"ocean_menu_typo_spacing_mobile":0,"ocean_menu_typo_spacing_unit":"","ocean_menu_link_color":"","ocean_menu_link_color_hover":"","ocean_menu_link_color_active":"","ocean_menu_link_background":"","ocean_menu_link_hover_background":"","ocean_menu_link_active_background":"","ocean_menu_social_links_bg":"","ocean_menu_social_hover_links_bg":"","ocean_menu_social_links_color":"","ocean_menu_social_hover_links_color":"","ocean_disable_title":"default","ocean_disable_heading":"default","ocean_post_title":"","ocean_post_subheading":"","ocean_post_title_style":"","ocean_post_title_background_color":"","ocean_post_title_background":0,"ocean_post_title_bg_image_position":"","ocean_post_title_bg_image_attachment":"","ocean_post_title_bg_image_repeat":"","ocean_post_title_bg_image_size":"","ocean_post_title_height":0,"ocean_post_title_bg_overlay":0.5,"ocean_post_title_bg_overlay_color":"","ocean_disable_breadcrumbs":"default","ocean_breadcrumbs_color":"","ocean_breadcrumbs_separator_color":"","ocean_breadcrumbs_links_color":"","ocean_breadcrumbs_links_hover_color":"","ocean_display_footer_widgets":"default","ocean_display_footer_bottom":"default","ocean_custom_footer_template":"","footnotes":""},"class_list":["post-658","page","type-page","status-publish","hentry","entry"],"_links":{"self":[{"href":"https:\/\/mototech-swarzedz.pl\/index.php\/wp-json\/wp\/v2\/pages\/658","targetHints":{"allow":["GET"]}}],"collection":[{"href":"https:\/\/mototech-swarzedz.pl\/index.php\/wp-json\/wp\/v2\/pages"}],"about":[{"href":"https:\/\/mototech-swarzedz.pl\/index.php\/wp-json\/wp\/v2\/types\/page"}],"author":[{"embeddable":true,"href":"https:\/\/mototech-swarzedz.pl\/index.php\/wp-json\/wp\/v2\/users\/1"}],"replies":[{"embeddable":true,"href":"https:\/\/mototech-swarzedz.pl\/index.php\/wp-json\/wp\/v2\/comments?post=658"}],"version-history":[{"count":16,"href":"https:\/\/mototech-swarzedz.pl\/index.php\/wp-json\/wp\/v2\/pages\/658\/revisions"}],"predecessor-version":[{"id":855,"href":"https:\/\/mototech-swarzedz.pl\/index.php\/wp-json\/wp\/v2\/pages\/658\/revisions\/855"}],"wp:attachment":[{"href":"https:\/\/mototech-swarzedz.pl\/index.php\/wp-json\/wp\/v2\/media?parent=658"}],"curies":[{"name":"wp","href":"https:\/\/api.w.org\/{rel}","templated":true}]}}