{"id":621,"date":"2022-04-25T18:12:53","date_gmt":"2022-04-25T16:12:53","guid":{"rendered":"https:\/\/mototech-swarzedz.pl\/?page_id=621"},"modified":"2026-01-15T13:23:16","modified_gmt":"2026-01-15T12:23:16","slug":"stacja-kontroli-pojazdow","status":"publish","type":"page","link":"https:\/\/mototech-swarzedz.pl\/index.php\/stacja-kontroli-pojazdow\/","title":{"rendered":"Stacja kontroli pojazd\u00f3w"},"content":{"rendered":"\t\t<div data-elementor-type=\"wp-page\" data-elementor-id=\"621\" class=\"elementor elementor-621\">\n\t\t\t\t\t\t<section class=\"elementor-section elementor-top-section elementor-element elementor-element-a0b4788 elementor-section-full_width elementor-section-stretched elementor-section-height-default elementor-section-height-default\" data-id=\"a0b4788\" data-element_type=\"section\" data-settings=\"{&quot;stretch_section&quot;:&quot;section-stretched&quot;,&quot;background_background&quot;:&quot;slideshow&quot;,&quot;background_slideshow_gallery&quot;:[{&quot;id&quot;:642,&quot;url&quot;:&quot;http:\\\/\\\/mototech-swarzedz.pl\\\/wp-content\\\/uploads\\\/2022\\\/04\\\/mototech_ss2.jpg&quot;},{&quot;id&quot;:641,&quot;url&quot;:&quot;http:\\\/\\\/mototech-swarzedz.pl\\\/wp-content\\\/uploads\\\/2022\\\/04\\\/mototech_ss3.jpg&quot;},{&quot;id&quot;:640,&quot;url&quot;:&quot;http:\\\/\\\/mototech-swarzedz.pl\\\/wp-content\\\/uploads\\\/2022\\\/04\\\/mototech_ss4.jpg&quot;}],&quot;background_slideshow_lazyload&quot;:&quot;yes&quot;,&quot;background_slideshow_loop&quot;:&quot;yes&quot;,&quot;background_slideshow_slide_duration&quot;:5000,&quot;background_slideshow_slide_transition&quot;:&quot;fade&quot;,&quot;background_slideshow_transition_duration&quot;:500}\">\n\t\t\t\t\t\t\t<div class=\"elementor-background-overlay\"><\/div>\n\t\t\t\t\t\t\t<div class=\"elementor-container elementor-column-gap-default\">\n\t\t\t\t\t<div class=\"elementor-column elementor-col-100 elementor-top-column elementor-element elementor-element-62206c7\" data-id=\"62206c7\" data-element_type=\"column\">\n\t\t\t<div class=\"elementor-widget-wrap elementor-element-populated\">\n\t\t\t\t\t\t<section class=\"elementor-section elementor-inner-section elementor-element elementor-element-1cc9e3b elementor-section-boxed elementor-section-height-default elementor-section-height-default\" data-id=\"1cc9e3b\" data-element_type=\"section\">\n\t\t\t\t\t\t<div class=\"elementor-container elementor-column-gap-default\">\n\t\t\t\t\t<div class=\"elementor-column elementor-col-50 elementor-inner-column elementor-element elementor-element-bcbbd58\" data-id=\"bcbbd58\" data-element_type=\"column\">\n\t\t\t<div class=\"elementor-widget-wrap elementor-element-populated\">\n\t\t\t\t\t\t<div class=\"elementor-element elementor-element-c9a8ece elementor-widget elementor-widget-heading\" data-id=\"c9a8ece\" data-element_type=\"widget\" data-widget_type=\"heading.default\">\n\t\t\t\t<div class=\"elementor-widget-container\">\n\t\t\t<h2 class=\"elementor-heading-title elementor-size-default\">Okresowe badania techniczne pojazd\u00f3w do 3,5t\n\n<\/h2>\t\t<\/div>\n\t\t\t\t<\/div>\n\t\t\t\t<div class=\"elementor-element elementor-element-8df100e elementor-widget elementor-widget-text-editor\" data-id=\"8df100e\" data-element_type=\"widget\" data-widget_type=\"text-editor.default\">\n\t\t\t\t<div class=\"elementor-widget-container\">\n\t\t\t\t\t\t\t<p>Okresowe badania techniczne pojazd\u00f3w do 3,5t<br \/><br \/>Nasza stacja kontroli pojazd\u00f3w oferuje us\u0142ug\u0119 corocznych, okresowych<br \/>bada\u0144 technicznych pojazd\u00f3w do 3,5t, a wi\u0119c:<br \/><br \/>Pojazd\u00f3w o dopuszczalnej masie ca\u0142kowitej nieprzekraczaj\u0105cej 3,5t,<br \/>osobowych jak i dostawczych:<br \/><br \/><strong>&#8211; Motocykli i motorower\u00f3w,<\/strong><br \/><strong>&#8211; Przyczep,<\/strong><br \/><strong>&#8211; Ci\u0105gnik\u00f3w rolniczych,<\/strong><br \/><br \/>Koszt badania technicznego, mo\u017ce r\u00f3\u017cni\u0107 si\u0119 w zale\u017cno\u015bci od rodzaju<br \/>badanego pojazdu i jest cen\u0105 urz\u0119dow\u0105:<br \/><br \/><strong>&#8211; Pojazdy samochodowe \u2013 149 z\u0142 (pojazd zasilany gazem + 96z\u0142)<\/strong><br \/><strong>&#8211; Pojazd sprowadzony, badanie po raz 1 w kraju \u2013 292 z\u0142<\/strong><br \/><strong>&#8211; Motocykl \u2013 94 z\u0142<\/strong><br \/><strong>&#8211; Motorower \u2013 \u00a076 z\u0142<\/strong><br \/><strong>&#8211; Przyczepa \u2013 119 z\u0142<\/strong><br \/><br \/><br \/>Podczas badania technicznego pojazdu, zach\u0119camy do podania swojego<br \/>numeru kontaktowego w celu corocznego przypominania o zbli\u017caj\u0105cym si\u0119<br \/>terminie badania.<\/p><p><strong><a href=\"tel:512244252\">Kliknij tutaj i zadzwo\u0144 um\u00f3wi\u0107 si\u0119 na wizyt\u0119!\u00a0 <br \/>\u00a0<img decoding=\"async\" class=\"emoji\" role=\"img\" draggable=\"false\" src=\"https:\/\/s.w.org\/images\/core\/emoji\/13.1.0\/svg\/1f4de.svg\" alt=\"\ud83d\udcde\" \/> 512 244 252<\/a><\/strong><\/p>\t\t\t\t\t\t<\/div>\n\t\t\t\t<\/div>\n\t\t\t\t\t<\/div>\n\t\t<\/div>\n\t\t\t\t<div class=\"elementor-column elementor-col-50 elementor-inner-column elementor-element elementor-element-baf9a43\" data-id=\"baf9a43\" data-element_type=\"column\">\n\t\t\t<div class=\"elementor-widget-wrap elementor-element-populated\">\n\t\t\t\t\t\t<div class=\"elementor-element elementor-element-fc0c04a elementor-widget elementor-widget-image\" data-id=\"fc0c04a\" data-element_type=\"widget\" data-widget_type=\"image.default\">\n\t\t\t\t<div class=\"elementor-widget-container\">\n\t\t\t\t\t\t\t\t\t\t\t\t\t<img fetchpriority=\"high\" decoding=\"async\" width=\"1024\" height=\"650\" src=\"https:\/\/mototech-swarzedz.pl\/wp-content\/uploads\/2022\/04\/stacjakontroli-1024x650.jpg\" class=\"attachment-large size-large wp-image-818\" alt=\"stacja kontroli\" srcset=\"https:\/\/mototech-swarzedz.pl\/wp-content\/uploads\/2022\/04\/stacjakontroli-1024x650.jpg 1024w, https:\/\/mototech-swarzedz.pl\/wp-content\/uploads\/2022\/04\/stacjakontroli-300x190.jpg 300w, https:\/\/mototech-swarzedz.pl\/wp-content\/uploads\/2022\/04\/stacjakontroli-768x487.jpg 768w, https:\/\/mototech-swarzedz.pl\/wp-content\/uploads\/2022\/04\/stacjakontroli.jpg 1344w\" sizes=\"(max-width: 1024px) 100vw, 1024px\" \/>\t\t\t\t\t\t\t\t\t\t\t\t\t<\/div>\n\t\t\t\t<\/div>\n\t\t\t\t\t<\/div>\n\t\t<\/div>\n\t\t\t\t\t<\/div>\n\t\t<\/section>\n\t\t\t\t\t<\/div>\n\t\t<\/div>\n\t\t\t\t\t<\/div>\n\t\t<\/section>\n\t\t\t\t<\/div>\n\t\t","protected":false},"excerpt":{"rendered":"<p>Okresowe badania techniczne pojazd\u00f3w do 3,5t Okresowe badania techniczne pojazd\u00f3w do 3,5t Nasza stacja kontroli pojazd\u00f3w oferuje us\u0142ug\u0119 corocznych, okresowychbada\u0144 technicznych pojazd\u00f3w do 3,5t, a wi\u0119c: Pojazd\u00f3w o dopuszczalnej masie ca\u0142kowitej nieprzekraczaj\u0105cej 3,5t,osobowych jak i dostawczych: &#8211; Motocykli i motorower\u00f3w,&#8211; Przyczep,&#8211; Ci\u0105gnik\u00f3w rolniczych, Koszt badania technicznego, mo\u017ce r\u00f3\u017cni\u0107 si\u0119 w zale\u017cno\u015bci od rodzajubadanego pojazdu i [&hellip;]<\/p>\n","protected":false},"author":1,"featured_media":0,"parent":0,"menu_order":0,"comment_status":"closed","ping_status":"closed","template":"elementor_header_footer","meta":{"ocean_post_layout":"","ocean_both_sidebars_style":"","ocean_both_sidebars_content_width":0,"ocean_both_sidebars_sidebars_width":0,"ocean_sidebar":"","ocean_second_sidebar":"","ocean_disable_margins":"enable","ocean_add_body_class":"","ocean_shortcode_before_top_bar":"","ocean_shortcode_after_top_bar":"","ocean_shortcode_before_header":"","ocean_shortcode_after_header":"","ocean_has_shortcode":"","ocean_shortcode_after_title":"","ocean_shortcode_before_footer_widgets":"","ocean_shortcode_after_footer_widgets":"","ocean_shortcode_before_footer_bottom":"","ocean_shortcode_after_footer_bottom":"","ocean_display_top_bar":"default","ocean_display_header":"default","ocean_header_style":"","ocean_center_header_left_menu":"","ocean_custom_header_template":"","ocean_custom_logo":0,"ocean_custom_retina_logo":0,"ocean_custom_logo_max_width":0,"ocean_custom_logo_tablet_max_width":0,"ocean_custom_logo_mobile_max_width":0,"ocean_custom_logo_max_height":0,"ocean_custom_logo_tablet_max_height":0,"ocean_custom_logo_mobile_max_height":0,"ocean_header_custom_menu":"","ocean_menu_typo_font_family":"","ocean_menu_typo_font_subset":"","ocean_menu_typo_font_size":0,"ocean_menu_typo_font_size_tablet":0,"ocean_menu_typo_font_size_mobile":0,"ocean_menu_typo_font_size_unit":"px","ocean_menu_typo_font_weight":"","ocean_menu_typo_font_weight_tablet":"","ocean_menu_typo_font_weight_mobile":"","ocean_menu_typo_transform":"","ocean_menu_typo_transform_tablet":"","ocean_menu_typo_transform_mobile":"","ocean_menu_typo_line_height":0,"ocean_menu_typo_line_height_tablet":0,"ocean_menu_typo_line_height_mobile":0,"ocean_menu_typo_line_height_unit":"","ocean_menu_typo_spacing":0,"ocean_menu_typo_spacing_tablet":0,"ocean_menu_typo_spacing_mobile":0,"ocean_menu_typo_spacing_unit":"","ocean_menu_link_color":"","ocean_menu_link_color_hover":"","ocean_menu_link_color_active":"","ocean_menu_link_background":"","ocean_menu_link_hover_background":"","ocean_menu_link_active_background":"","ocean_menu_social_links_bg":"","ocean_menu_social_hover_links_bg":"","ocean_menu_social_links_color":"","ocean_menu_social_hover_links_color":"","ocean_disable_title":"default","ocean_disable_heading":"default","ocean_post_title":"","ocean_post_subheading":"","ocean_post_title_style":"","ocean_post_title_background_color":"","ocean_post_title_background":0,"ocean_post_title_bg_image_position":"","ocean_post_title_bg_image_attachment":"","ocean_post_title_bg_image_repeat":"","ocean_post_title_bg_image_size":"","ocean_post_title_height":0,"ocean_post_title_bg_overlay":0.5,"ocean_post_title_bg_overlay_color":"","ocean_disable_breadcrumbs":"default","ocean_breadcrumbs_color":"","ocean_breadcrumbs_separator_color":"","ocean_breadcrumbs_links_color":"","ocean_breadcrumbs_links_hover_color":"","ocean_display_footer_widgets":"default","ocean_display_footer_bottom":"default","ocean_custom_footer_template":"","footnotes":""},"class_list":["post-621","page","type-page","status-publish","hentry","entry"],"_links":{"self":[{"href":"https:\/\/mototech-swarzedz.pl\/index.php\/wp-json\/wp\/v2\/pages\/621","targetHints":{"allow":["GET"]}}],"collection":[{"href":"https:\/\/mototech-swarzedz.pl\/index.php\/wp-json\/wp\/v2\/pages"}],"about":[{"href":"https:\/\/mototech-swarzedz.pl\/index.php\/wp-json\/wp\/v2\/types\/page"}],"author":[{"embeddable":true,"href":"https:\/\/mototech-swarzedz.pl\/index.php\/wp-json\/wp\/v2\/users\/1"}],"replies":[{"embeddable":true,"href":"https:\/\/mototech-swarzedz.pl\/index.php\/wp-json\/wp\/v2\/comments?post=621"}],"version-history":[{"count":34,"href":"https:\/\/mototech-swarzedz.pl\/index.php\/wp-json\/wp\/v2\/pages\/621\/revisions"}],"predecessor-version":[{"id":865,"href":"https:\/\/mototech-swarzedz.pl\/index.php\/wp-json\/wp\/v2\/pages\/621\/revisions\/865"}],"wp:attachment":[{"href":"https:\/\/mototech-swarzedz.pl\/index.php\/wp-json\/wp\/v2\/media?parent=621"}],"curies":[{"name":"wp","href":"https:\/\/api.w.org\/{rel}","templated":true}]}}